{"id":6639,"date":"2023-10-12T18:56:58","date_gmt":"2023-10-12T16:56:58","guid":{"rendered":"https:\/\/iepp-eu.com\/?page_id=6639\/"},"modified":"2024-03-22T14:49:37","modified_gmt":"2024-03-22T13:49:37","slug":"diploma-universitario-di-salute-dietetica-e-fisionutrizione","status":"publish","type":"page","link":"https:\/\/iepp-eu.com\/it\/diploma-universitario-di-salute-dietetica-e-fisionutrizione\/","title":{"rendered":"Diploma Universitario di Salute, Dietetica e Fisionutrizione"},"content":{"rendered":"<section class=\"wpb-content-wrapper\"><p>[vc_row][vc_column]<br \/>\n[vc_column_text]<\/p>\n<h1>Diploma Universitario di Salute, Dietetica e Fisionutrizione<\/h1>\n<p>[\/vc_column_text]<\/p>\n<p>[vc_column_text] Questo corso \u00e8 stato progettato per rispondere alle esigenze dei professionisti che operano nel settore sanitario, di fronte alla crescente domanda da parte dei pazienti, sempre pi\u00f9 informati sul rapporto tra nutrizione e salute e sui benefici reali o presunti degli integratori alimentari. La formazione si avvale della competenza dell&#8217;Universit\u00e0 di Farmacia di Grenoble nell&#8217;insegnamento e nella ricerca nel campo della micronutrizione e della sua esperienza nella formazione a distanza (e-learning). <h3 class=\"box-header page_margin_top_section\">Obiettivi<\/h3><ul class=\"items-list clearfix\"> Proporre ai professionisti della salute una formazione che consenta loro di:<\/p>\n<ul class=\"items-list clearfix\"><\/ul><\/p>\n<ul>\n<li>Acquisire le conoscenze di base della nutrizione, del ruolo dei nutrienti (macro e micro) e dei composti bioattivi essenziali per ottimizzare il funzionamento dell&#8217;organismo;<\/li>\n<li>Essere in grado di adattare la consulenza micronutrizionale alle esigenze individuali in termini di prevenzione o di supporto alle patologie con una componente nutrizionale;<\/li>\n<\/ul>\n<p><\/ul>\n<h3 class=\"box-header\">Programma pedagogico<\/h3>\n<p><strong><strong>Insegnamento in e-learning (55h)<\/strong><\/strong> : 13 moduli<\/p>\n<p>[vc_column_text]<strong>Module 1<\/strong> : Acquisizione delle conoscenze di base \u2013 Parte 1 <strong>Module 2<\/strong> : Acquisizione delle conoscenze di base \u2013 Parte 2 <strong>Module 3<\/strong> : Focus sui micronutrienti e sui composti bioattivi antiossidanti <strong>Module 4<\/strong> : Informazioni sulla gravidanza <strong>Module 5<\/strong> : Gestione degli squilibri ormonali <strong>Module 6<\/strong> : Fisionutrizione dell\u2019infiammazione e della detossificazione <strong>Module 7<\/strong> : Fisionutrizione e immunit\u00e0 <strong>Module 8<\/strong> : Fisionutrizione della sfera digestiva ed emozionale <strong>Module 9<\/strong> : Accompagnamento dell\u2019invecchiamento <strong>Module 10<\/strong> : Controllo del sovrappeso <strong>Module 11<\/strong> : Dalla sindrome metabolica al diab\u00e8te di tipo 2 <strong>Module 12<\/strong> : Fisionutrizione e rischio cardiovascolare <strong>Module 13<\/strong> : Gestione nutrizionale dello sportivo [\/vc_column_text]<\/p>\n<h3 class=\"box-header page_margin_top_section\">A chi \u00e8 rivolto<\/h3>\n<ul class=\"items-list clearfix\"><\/p>\n<ul>\n<li>Diplomi in dietistica, infermieristica, fisioterapia e osteopati<\/li>\n<\/ul>\n<p><\/ul>\n<h3 class=\"box-header page_margin_top_section\">Calendario &amp; organizzazione del corso:<\/h3>\n<p>Un anno universitario (ottobre 2023 \u2013 Luglio 2024) <ul class=\"items-list clearfix\"><\/p>\n<ul>\n<li><u>Durata<\/u> : 55h<\/li>\n<li><u>Esame finale<\/u>: a distanza a Luglio 2024<\/li>\n<\/ul>\n<p><\/ul><\/p>\n<h3 class=\"box-header page_margin_top_section\">Responsabile della formazione:<\/h3>\n<ul class=\"items-list clearfix\"><\/p>\n<ul>\n<li>\u00a0Edwige NICOLLE, <em>PharmD, PhD, Ma\u00eetre de Conf\u00e9rences \u2013 UFR Pharmacie, UGA<\/em><\/li>\n<\/ul>\n<p><h3 class=\"box-header page_margin_top_section\">\u00c9quipe pedagocica<\/h3><ul class=\"items-list clearfix\"><\/ul><\/p>\n<ul>\n<li>Dr Jacques BASSIER, <em>Universit\u00e9 Marseille \/ Aix en Provence<\/em><\/li>\n<li>V\u00e9ronique LIESSE, <em>Di\u00e9t\u00e9ticienne DE<\/em><\/li>\n<li>P\u00e9n\u00e9lope RESTOY, <em>Di\u00e9t\u00e9ticienne DE<\/em><\/li>\n<li>Isabelle HININGER-FAVIER, <em>PhD, Ma\u00eetre de conf\u00e9rences \u2013 UFR Pharmacie UGA<\/em><\/li>\n<li>Pr Anne-Marie ROUSSEL, PU Em\u00e9rite, <em>Universit\u00e9 Grenoble Alpes (UGA)<\/em><\/li>\n<li>Altri relatori: o Insegnanti e Ricercatori universitari, Medici nutrizionisti, Medici ospedalieri-Universitari, Dietisti e Direttori della ricerca (INSERM, INRA).<\/li>\n<\/ul>\n<p><\/ul>\n<p>[vc_empty_space]<\/p>\n<p>La campagna per le iscrizioni \u00e8 ora aperta. Un&#8217;unica campagna dal 1\u00b0 aprile al 30 giugno \u00e8 limitata ai primi 100 iscritti.<\/p>\n<p><strong>PER ISCRIVERSI, SEGUIRE LE ISTRUZIONI RIPORTATE DI SEGUITO:<\/strong><\/p>\n<p>Collegarsi al link: <a href=\"https:\/\/ecandidat.univ-grenoble-alpes.fr\">https:\/\/ecandidat.univ-grenoble-alpes.fr<\/a><\/p>\n<p>Come primo step creare un account cliccando il link \u201ccr\u00e9er un compte\u201d per poter accedere alla candidatura<\/p>\n<p><strong>Informazioni utili alla candidatura<\/strong>:<\/p>\n<p>Se non si \u00e8 in possesso di un BAC, spuntare \u201cje n\u2019ai pas mon Bac\u201d e si accede cos\u00ec a una pagina di scelta rapida per altri diplomi, dove verranno richiesti i diplomi professionali.<\/p>\n<p><strong>NB<\/strong> Il corso si svolge in lingua francese.<\/p>\n<p>&nbsp;<\/p>\n<h3 class=\"box-header page_margin_top_section\">Contatto amministrazione per maggiori informazioni:<\/h3>\n<ul class=\"items-list clearfix\">\n<ul>\n<li><u>Mme L\u00e9na BORRANI<\/u><\/li>\n<li><u>lena.borrani@univ-grenoble-alpes.fr<\/u><\/li>\n<li><u>Tel : <\/u>04 38 38 83 41<\/li>\n<\/ul>\n<p><\/ul><br \/>\n[\/vc_column][\/vc_row]<\/p>\n<p>[vc_empty_space][vc_btn title=&#8221;Per maggiori informazioni, scaricare il PDF informativo&#8221; color=&#8221;sky&#8221; align=&#8221;center&#8221; link=&#8221;url:https%3A%2F%2Fiepp-eu.com%2Fwp-content%2Fuploads%2F2013%2F04%2FDU-Sante-Dietetique-et-Nutrition-2023.pdf||target:%20_blank|&#8221;]<\/p>\n<p>[vc_row][vc_column][\/vc_column][\/vc_row][vc_row][vc_column][vc_raw_html]JTNDc2NyaXB0JTNFJTBBc2V0VGltZW91dCUyOGZ1bmN0aW9uJTI4JTI5JTIwJTdCJTBBJTIwJTIwJTIwJTIwbGV0JTIwY3VycmVudFVybCUyMCUzRCUyMHdpbmRvdy5sb2NhdGlvbi5ocmVmJTNCJTBBJTBBJTIwJTIwJTIwJTIwaWYlMjAlMjhjdXJyZW50VXJsLmluY2x1ZGVzJTI4JTI3JTJGaXQlMkYlMjclMjklMjklMjAlN0IlMEElMjAlMjAlMjAlMjAlMjAlMjAlMjAlMjB0cnklMjAlN0IlMEElMjAlMjAlMjAlMjAlMjAlMjAlMjAlMjAlMjAlMjAlMjAlMjBkb2N1bWVudC5xdWVyeVNlbGVjdG9yJTI4JTIyYm9keSUyMCUzRSUyMGRpdi5zaXRlX2NvbnRhaW5lci5mdWxsd2lkdGglMjAlM0UlMjBkaXYlM0FudGgtY2hpbGQlMjgxJTI5JTIwJTNFJTIwZGl2JTIwJTNFJTIwZGl2JTIwJTNFJTIwZGl2JTIyJTI5LmlubmVySFRNTCUyMCUzRCUyMCUyNyUzQ3VsJTIwY2xhc3MlM0QlMjJ0b3BfaW5mb19saXN0JTIyJTIwc3R5bGUlM0QlMjJwYWRkaW5nLXRvcCUzQSUyMDEwcHglMjIlM0UlM0NsaSUyMGNsYXNzJTNEJTIyZXNwYWNlJTIyJTNFJTNDYSUyMGhyZWYlM0QlMjJodHRwcyUzQSUyRiUyRmVzcGFjZWV2YWx1YXRpb25zLmllcHAtZXUuY29tJTJGcHJvJTJGbG9naW4lMkYlM0ZsYW5nJTNEaXQlMjIlMjB0YXJnZXQlM0QlMjJfYmxhbmslMjIlM0VBcmVhJTNDZGl2JTIwY2xhc3MlM0QlMjJ2YWx1ZSUyMiUzRVByb2Zlc3Npb25pc3RpJTNDJTJGZGl2JTNFJTNDJTJGYSUzRSUzQyUyRmxpJTNFJTNDbGklMjBjbGFzcyUzRHNlcGFyYXRvciUzRSUyMCUzQyUyRmxpJTNFJTNDbGklMjBjbGFzcyUzRCUyMmVzcGFjZSUyMiUzRSUzQ2ElMjBocmVmJTNEJTIyaHR0cHMlM0ElMkYlMkZlc3BhY2VldmFsdWF0aW9ucy5pZXBwLWV1LmNvbSUyRnBhdGllbnQlMkZsb2dpbiUyRiUzRmxhbmclM0RpdCUyMiUyMHRhcmdldCUzRCUyMl9ibGFuayUyMiUzRUFyZWElM0NkaXYlMjBjbGFzcyUzRCUyMnZhbHVlJTIyJTNFUGF6aWVudGklM0MlMkZkaXYlM0UlM0MlMkZhJTNFJTNDJTJGbGklM0UlM0NsaSUyMGNsYXNzJTNEJTIyc2VwYXJhdG9yJTIyJTNFJTIwJTNDJTJGbGklM0UlM0NsaSUzRSUzQ2ElMjBocmVmJTNEJTIyaHR0cHMlM0ElMkYlMkZlbGVhcm5pbmcuaWVwcC1ldS5jb20lMkYlM0ZsYW5nJTNEaXQlMjIlMjB0YXJnZXQlM0QlMjJfYmxhbmslMjIlM0VBcmVhJTNDZGl2JTIwY2xhc3MlM0QlMjJ2YWx1ZSUyMiUzRUUtbGVhcm5pbmclM0MlMkZkaXYlM0UlM0MlMkZhJTNFJTNDJTJGbGklM0UlM0MlMkZ1bCUzRSUyNyUwQSUyMCUyMCUyMCUyMCUyMCUyMCUyMCUyMCU3RCUyMGNhdGNoJTIwJTI4ZSUyOSUyMCU3QiUwQSUyMCUyMCUyMCUyMCUyMCUyMCUyMCUyMCUyMCUyMCUyMCUyMGNvbnNvbGUubG9nJTI4JTIyRmlyc3QlMjBub3QlMjBmb3VuZCUyMiUyOSUwQSUyMCUyMCUyMCUyMCUyMCUyMCUyMCUyMCU3RCUwQSUyMCUyMCUyMCUyMCU3RCUyMGVsc2UlMjAlN0IlMEElMjAlMjAlMjAlMjAlMjAlMjAlMjAlMjBkb2N1bWVudC5xdWVyeVNlbGVjdG9yJTI4JTIyLmN1c3RvbS1odG1sLXdpZGdldCUyMiUyOS5pbm5lckhUTUwlMjAlM0QlMjAlMjclM0N1bCUyMGNsYXNzJTNEJTIydG9wX2luZm9fbGlzdCUyMiUzRSUzQ2xpJTIwY2xhc3MlM0QlMjJlc3BhY2UlMjIlM0UlM0NhJTIwaHJlZiUzRCUyMmh0dHBzJTNBJTJGJTJGZXNwYWNlZXZhbHVhdGlvbnMuaWVwcC1ldS5jb20lMkZwcm8lMkZsb2dpbiUyMiUyMHRhcmdldCUzRCUyMl9ibGFuayUyMiUzRUVzcGFjZSUzQ2RpdiUyMGNsYXNzJTNEJTIydmFsdWUlMjIlM0VQcm9mZXNzaW9ubmVsJTIwJTNDJTJGZGl2JTNFJTNDJTJGYSUzRSUzQyUyRmxpJTNFJTNDbGklMjBjbGFzcyUzRHNlcGFyYXRvciUzRSUyMCUzQyUyRmxpJTNFJTNDbGklMjBjbGFzcyUzRCUyMmVzcGFjZSUyMiUzRSUzQ2ElMjBocmVmJTNEJTIyaHR0cHMlM0ElMkYlMkZlc3BhY2VldmFsdWF0aW9ucy5pZXBwLWV1LmNvbSUyRnBhdGllbnQlMkZsb2dpbiUyMiUyMHRhcmdldCUzRCUyMl9ibGFuayUyMiUzRUVzcGFjZSUzQ2RpdiUyMGNsYXNzJTNEJTIydmFsdWUlMjIlM0UlQzMlODl2YWx1YXRpb24lMjAlMjAlM0MlMkZkaXYlM0UlM0MlMkZhJTNFJTNDJTJGbGklM0UlM0NsaSUyMGNsYXNzJTNEc2VwYXJhdG9yJTNFJTIwJTNDJTJGbGklM0UlM0NsaSUzRSUzQ2ElMjBocmVmJTNEJTIyaHR0cHMlM0ElMkYlMkZlbGVhcm5pbmcuaWVwcC1ldS5jb20lMjIlMjB0YXJnZXQlM0QlMjJfYmxhbmslMjIlM0VFc3BhY2UlM0NkaXYlMjBjbGFzcyUzRCUyMnZhbHVlJTIyJTNFRS1sZWFybmluZyUzQyUyRmRpdiUzRSUzQyUyRmElM0UlM0MlMkZsaSUzRSUzQyUyRnVsJTNFJTI3JTNCJTBBJTIwJTIwJTIwJTIwJTdEJTBBJTdEJTJDNTAwJTI5JTBBJTBBJTNDJTJGc2NyaXB0JTNF[\/vc_raw_html][\/vc_column][\/vc_row]<\/p>\n<\/section>","protected":false},"excerpt":{"rendered":"<p>[vc_row][vc_column] [vc_column_text] Diploma Universitario di Salute, Dietetica e Fisionutrizione [\/vc_column_text] [vc_column_text] Questo corso \u00e8 stato progettato per rispondere alle esigenze dei professionisti che operano nel settore sanitario, di fronte alla crescente domanda da parte dei pazienti, sempre pi\u00f9 informati sul rapporto tra nutrizione e salute e sui benefici reali o presunti degli integratori alimentari. La<\/p>\n","protected":false},"author":6348,"featured_media":0,"parent":0,"menu_order":0,"comment_status":"closed","ping_status":"closed","template":"template-default-without-breadcrumbs.php","meta":{"footnotes":""},"_links":{"self":[{"href":"https:\/\/iepp-eu.com\/it\/wp-json\/wp\/v2\/pages\/6639"}],"collection":[{"href":"https:\/\/iepp-eu.com\/it\/wp-json\/wp\/v2\/pages"}],"about":[{"href":"https:\/\/iepp-eu.com\/it\/wp-json\/wp\/v2\/types\/page"}],"author":[{"embeddable":true,"href":"https:\/\/iepp-eu.com\/it\/wp-json\/wp\/v2\/users\/6348"}],"replies":[{"embeddable":true,"href":"https:\/\/iepp-eu.com\/it\/wp-json\/wp\/v2\/comments?post=6639"}],"version-history":[{"count":10,"href":"https:\/\/iepp-eu.com\/it\/wp-json\/wp\/v2\/pages\/6639\/revisions"}],"predecessor-version":[{"id":7570,"href":"https:\/\/iepp-eu.com\/it\/wp-json\/wp\/v2\/pages\/6639\/revisions\/7570"}],"wp:attachment":[{"href":"https:\/\/iepp-eu.com\/it\/wp-json\/wp\/v2\/media?parent=6639"}],"curies":[{"name":"wp","href":"https:\/\/api.w.org\/{rel}","templated":true}]}}