{"id":6613,"date":"2023-09-20T17:23:10","date_gmt":"2023-09-20T15:23:10","guid":{"rendered":"https:\/\/iepp-eu.com\/hghmentions-legalesg\/"},"modified":"2023-12-01T13:48:21","modified_gmt":"2023-12-01T12:48:21","slug":"mentions-legales","status":"publish","type":"page","link":"https:\/\/iepp-eu.com\/it\/mentions-legales\/","title":{"rendered":"Note legali"},"content":{"rendered":"<section class=\"wpb-content-wrapper\"><p>[vc_row][vc_column][vc_empty_space height=&#8221;52px&#8221;]<h3 class=\"box-header\">Informativa sui dati personali<\/h3>[\/vc_column][\/vc_row][vc_row][vc_column][vc_empty_space][\/vc_column][\/vc_row][vc_row][vc_column][vc_column_text]L\u2019editore, l\u2019Istituto Europeo di Fisionutrizione e di Fitoterapia (IEPP), si impegna a rispettare tutte le leggi relative alla creazione e al funzionamento di un sito Internet.<\/p>\n<p>Il sito web https:\/\/iepp-eu.com\/ \u00e8 destinato al pubblico in generale e agli operatori sanitari. Le informazioni fornite hanno lo scopo di migliorare, non di sostituire, il rapporto tra il paziente (o il visitatore del sito) e il suo medico. Ha lo scopo di presentare l\u2019IEPP e di fornire informazioni sulla Fisionutrizione.<\/p>\n<p><strong>Menzioni legali:<\/strong><\/p>\n<p>Il sito web https:\/\/iepp-eu.com\/ \u00a0\u00e8 pubblicato e finanziato dall\u2019IEPP, che a sua volta si finanzia con risorse proprie (quote associative) e con il sostegno dei suoi partner, che pu\u00f2 assumere diverse forme (fornitura di risorse (umane o materiali), pagamento di sussidi o collaborazione in attivit\u00e0 di formazione\u2026).<\/p>\n<p><strong>Nome dell\u2019azienda:<\/strong><\/p>\n<p>IEPP, Association loi 1901<\/p>\n<p>Sede legale: 12 \/ 14 Rond Point des Champs Elys\u00e9es 75008 Paris<\/p>\n<p>Direttore della pubblicazione\u00a0:<\/p>\n<p>&gt; Dominique RATTE , presidente dell&#8217;IEPP, medico generico<\/p>\n<p>Hosting: OVH \u2013 in Hauts-de-France<\/p>\n<p><strong>Propriet\u00e0 intelletuale:<\/strong><\/p>\n<ul>\n<li>In conformit\u00e0 alle raccomandazioni della Commission Nationale de l\u2019Informatique et des Libert\u00e9s (CNIL), questo sito web \u00e8 esente da dichiarazione.<\/li>\n<li>Qualsiasi riproduzione parziale o totale di questo sito senza l\u2019espressa autorizzazione dell\u2019IEPP \u00e8 vietata e costituisce una violazione punibile ai sensi degli articoli L 335-2 e seguenti del Codice della Propriet\u00e0 Intellettuale (CPI).<\/li>\n<li>Lo stesso vale per le banche dati che compaiono su questo sito web, protette dalle disposizioni della legge del 1\u00b0 luglio 1998 che recepisce nel Codice della propriet\u00e0 intellettuale la direttiva europea dell\u201911 marzo 1996 sulla tutela giuridica delle banche dati.<\/li>\n<li>I marchi e i loghi che compaiono sul sito sono marchi registrati (semi-figurativi o meno). Inoltre, le immagini che compaiono su questo sito sono protette da copyright. Qualsiasi riproduzione totale o parziale di queste immagini, marchi o loghi, realizzata a partire da elementi del sito, non \u00e8 autorizzata senza l\u2019esplicito accordo scritto dell\u2019IEPP ai sensi dell\u2019articolo L 713-2 del CPI.<\/li>\n<\/ul>\n<p><strong>Informativa sulla privacy:<\/strong><\/p>\n<p>La nostra associazione si impegna a rispettare le disposizioni legislative della legge sulla protezione dei dati. Queste regole vi assicurano che i vostri dati saranno trattati, in piena trasparenza, nel rispetto di tali disposizioni.<\/p>\n<p><strong>1\/ <u>Cookies<\/u><\/strong><\/p>\n<p>Un cookie \u00e8 un piccolo file che il sito web visitato dall\u2019utente registra sul suo terminale (computer, tablet, smartphone, ecc.) e in cui memorizza determinate informazioni. Ci permette soprattutto di prepararvi al meglio per la prossima visita al sito e di personalizzare le pagine che visualizzate. Solo il mittente del cookie pu\u00f2 leggere le informazioni in esso contenute.<\/p>\n<p>Quando l\u2019utente si collega al nostro sito, possiamo installare vari cookie sul suo terminale, in base alle scelte dell\u2019utente derivanti dalle impostazioni del software. Questi cookie ci permettono di facilitare la navigazione sul nostro sito web durante il periodo di validit\u00e0 del cookie in questione.<\/p>\n<p><strong>Questi cookie ci permettono di:<\/strong><\/p>\n<p>&#8211; stabilire statistiche e volumi di frequentazione e utilizzo dei vari elementi che compongono il nostro sito (sezioni e contenuti visitati, percorso), al fine di migliorare l\u2019interesse e l\u2019ergonomia dei nostri servizi;<\/p>\n<p>&#8211; adattare la presentazione del nostro sito alle preferenze di visualizzazione del vostro terminale (lingua utilizzata, risoluzione dello schermo, sistema operativo utilizzato, ecc);<\/p>\n<p>&#8211; memorizzare le informazioni relative a un modulo compilato dall\u2019utente sul nostro sito (registrazione o accesso al proprio account), a servizi o informazioni scelti dall\u2019utente sul nostro sito (servizio sottoscritto, ecc.)<\/p>\n<p><strong>Le sue scelte in materia di cookie<\/strong><\/p>\n<p>L\u2019utente ha a disposizione diverse opzioni per la gestione dei cookie. Le impostazioni effettuate possono influire sull\u2019esperienza di navigazione e sull\u2019accesso a determinati servizi che richiedono l\u2019uso di cookie.<\/p>\n<p>L\u2019utente pu\u00f2 scegliere in qualsiasi momento di esprimere e modificare la propria volont\u00e0 in merito ai cookie, attraverso le modalit\u00e0 descritte di seguito.<\/p>\n<p><strong>Le scelte offerte dal software del browser<\/strong><\/p>\n<p>Pu\u00f2 configurare il software del suo browser in modo che i cookie vengano memorizzati nel suo terminale o, al contrario, che vengano rifiutati, sistematicamente o a seconda del mittente. Pu\u00f2 anche configurare il software del suo browser in modo che vi venga offerta la possibilit\u00e0 di accettare o rifiutare i cookie di volta in volta, prima che un cookie venga probabilmente memorizzato nel suo terminale.<\/p>\n<p>Se il suo browser \u00e8 configurato per rifiutare tutti i cookie, non potr\u00e0 usufruire delle funzioni essenziali del nostro sito. La invitiamo a configurare al meglio il suo browser.<\/p>\n<p>La configurazione di ogni browser \u00e8 diversa. Per sapere come modificare le impostazioni dei cookie \u00e8 possibile consultare il menu di aiuto del proprio browser.<\/p>\n<p><strong>Accettazione dei cookie<\/strong><\/p>\n<p>La registrazione di un cookie in un terminale \u00e8 essenzialmente subordinata alla volont\u00e0 dell\u2019utente del terminale, che pu\u00f2 essere espressa e modificata in qualsiasi momento e gratuitamente attraverso le scelte offerte dal suo software di navigazione.<\/p>\n<p>Se ha accettato nel software del suo browser la registrazione dei cookie nel suo terminale, i cookie integrati nelle pagine e nei contenuti che ha consultato possono essere memorizzati temporaneamente in uno spazio dedicato nel suo terminale. Saranno leggibili solo dal mittente.<\/p>\n<p><strong>Rifiuto dei cookie<\/strong><\/p>\n<p>Se rifiuta di accettare i cookie che inviamo al suo terminale, o se cancella quelli che abbiamo memorizzato, non potr\u00e0 pi\u00f9 usufruire di un certo numero di funzioni che sono comunque necessarie per navigare in alcune aree del nostro sito. Ci\u00f2 avviene se l\u2019utente tenta di accedere ai nostri contenuti o servizi che richiedono la sua identificazione. Ci\u00f2 avverrebbe anche nel caso in cui non fossimo in grado di riconoscere, per motivi di compatibilit\u00e0 tecnica, il tipo di browser utilizzato dal suo terminale, le sue impostazioni di lingua e di visualizzazione o il paese dal quale il suo terminale sembra essere collegato a Internet.<\/p>\n<p>Ove applicabile, decliniamo ogni responsabilit\u00e0 per le conseguenze legate al degrado del funzionamento dei nostri servizi derivante dalla nostra incapacit\u00e0 di registrare o consultare i cookie necessari al loro funzionamento e che lei avr\u00e0 rifiutato o cancellato.<\/p>\n<p><strong>I cookies \u201cFlash\u201d\u00a9 di \u201cAdobe Flash Player\u201d\u2122<\/strong><\/p>\n<p>\u201cAdobe Flash Player\u201d\u2122 \u00e8 un\u2019applicazione informatica che consente di sviluppare rapidamente contenuti dinamici utilizzando il linguaggio informatico \u201cFlash\u201d. Flash (e applicazioni simili) memorizza le impostazioni, le preferenze e l\u2019utilizzo di questi contenuti utilizzando una tecnologia simile ai cookie. Tuttavia, \u201cAdobe Flash Player\u201d\u2122 gestisce queste informazioni e le scelte dell\u2019utente tramite un\u2019interfaccia diversa da quella fornita dal software del browser.<\/p>\n<p>Nella misura in cui \u00e8 probabile che il suo terminale visualizzi contenuti sviluppati con il linguaggio Flash, la invitiamo ad accedere agli strumenti di gestione dei cookie Flash, direttamente dal sito web di Adobe: http:\/\/www.adobe.com\/fr\/.<\/p>\n<p><strong>2\/ Dati raccolti sul nostro sito:<\/strong> potremmo chiederle una certa quantit\u00e0 di dati personali come cognome, nome, indirizzo, ecc. per elaborare la sua richiesta di informazioni. Alcuni dati sono essenziali per elaborare la sua richiesta, altri ci permettono di conoscerla meglio e quindi di adattare le nostre offerte alle sue esigenze. Nelle pagine in cui vengono richiesti dati personali, l\u2019utente viene informato della natura obbligatoria o facoltativa della loro trasmissione, nonch\u00e9 delle possibili conseguenze del mancato conferimento.<\/p>\n<p><strong>3\/ Offerta formativa e educativa: <\/strong>ci permetteremo di proporre offerte o servizi speciali via e-mail o per posta, a meno che l\u2019utente non ci indichi diversamente. Se non desidera ricevere le nostre offerte speciali o i nostri servizi, pu\u00f2 inviare una lettera indicando il suo cognome, nome e indirizzo:<\/p>\n<p>\u2013 per iscritto: IEPP -12 \/ 14 Rond Point des Champs Elys\u00e9es \u2013 75008 Paris,<\/p>\n<p>\u2013 o per e-mail: segreteria@iepp-eu.com<\/p>\n<p><strong>4\/ Utilizzo dei dati personali:<\/strong> solo l\u2019IEPP e i fornitori di servizi collegati all\u2019IEPP per l\u2019attuazione della formazione o dell\u2019istruzione sono destinatari dei dati personali che ci fornisce.<\/p>\n<p><strong>5\/ Diritto d\u2019accesso e d\u2019opposizione:<\/strong> ai sensi della legge sulla protezione dei dati del 6 gennaio 1978, l\u2019utente ha il diritto di accedere, rettificare e cancellare i propri dati personali. Se si desidera esercitare questo diritto, \u00e8 sufficiente scriverci al seguente indirizzo IEPP -12 \/ 14 Rond Point des Champs Elys\u00e9es \u2013 75008 Paris.[\/vc_column_text][\/vc_column][\/vc_row]<\/p>\n<\/section>","protected":false},"excerpt":{"rendered":"<p>[vc_row][vc_column][vc_empty_space height=&#8221;52px&#8221;][\/vc_column][\/vc_row][vc_row][vc_column][vc_empty_space][\/vc_column][\/vc_row][vc_row][vc_column][vc_column_text]L\u2019editore, l\u2019Istituto Europeo di Fisionutrizione e di Fitoterapia (IEPP), si impegna a rispettare tutte le leggi relative alla creazione e al funzionamento di un sito Internet. Il sito web https:\/\/iepp-eu.com\/ \u00e8 destinato al pubblico in generale e agli operatori sanitari. Le informazioni fornite hanno lo scopo di migliorare, non di sostituire, il rapporto tra<\/p>\n","protected":false},"author":6348,"featured_media":0,"parent":0,"menu_order":0,"comment_status":"closed","ping_status":"closed","template":"template-default-without-breadcrumbs.php","meta":{"footnotes":""},"_links":{"self":[{"href":"https:\/\/iepp-eu.com\/it\/wp-json\/wp\/v2\/pages\/6613"}],"collection":[{"href":"https:\/\/iepp-eu.com\/it\/wp-json\/wp\/v2\/pages"}],"about":[{"href":"https:\/\/iepp-eu.com\/it\/wp-json\/wp\/v2\/types\/page"}],"author":[{"embeddable":true,"href":"https:\/\/iepp-eu.com\/it\/wp-json\/wp\/v2\/users\/6348"}],"replies":[{"embeddable":true,"href":"https:\/\/iepp-eu.com\/it\/wp-json\/wp\/v2\/comments?post=6613"}],"version-history":[{"count":3,"href":"https:\/\/iepp-eu.com\/it\/wp-json\/wp\/v2\/pages\/6613\/revisions"}],"predecessor-version":[{"id":6616,"href":"https:\/\/iepp-eu.com\/it\/wp-json\/wp\/v2\/pages\/6613\/revisions\/6616"}],"wp:attachment":[{"href":"https:\/\/iepp-eu.com\/it\/wp-json\/wp\/v2\/media?parent=6613"}],"curies":[{"name":"wp","href":"https:\/\/api.w.org\/{rel}","templated":true}]}}