{"id":5919,"date":"2020-12-17T18:14:40","date_gmt":"2020-12-17T17:14:40","guid":{"rendered":"https:\/\/iepp-eu.com\/?page_id=5919\/"},"modified":"2024-03-22T14:56:55","modified_gmt":"2024-03-22T13:56:55","slug":"diploma-universitario-di-fisionutrizione-clinica-biologica","status":"publish","type":"page","link":"https:\/\/iepp-eu.com\/it\/diploma-universitario-di-fisionutrizione-clinica-biologica\/","title":{"rendered":"Diploma Universitario di Fisionutrizione Clinica &#038; Biologica"},"content":{"rendered":"<section class=\"wpb-content-wrapper\"><p>[vc_row][vc_column][vc_empty_space][vc_column_text]<\/p>\r\n<h1>Diploma Universitario di Fisionutrizione Clinica &amp; Biologica<\/h1>\r\n<p>[\/vc_column_text][vc_column_text] Di fronte alla crescente domanda pubblica nel campo della prevenzione e di un approccio pi\u00f9 naturale nella gestione delle patologie, l&#8217;acquisizione di competenze in materia di nutrizione, micronutrizione e composti bioattivi \u00e8 essenziale per la pratica medica e la consulenza farmaceutica. Per rispondere a questa sfida, lo IEPP ha lanciato un Diploma Universitario in Fisionutrizione Clinica e Biologica in collaborazione con il Dipartimento di Farmacia dell&#8217;Universit\u00e0 di Grenoble Alpes. <h3 class=\"box-header page_margin_top_section\">Obiettivi<\/h3><ul class=\"items-list clearfix\"> Proporre agli operatori sanitari una formazione che consenta loro di:<\/p>\r\n<p><!-- \/wp:shortcode -->\r\n\r\n<!-- wp:shortcode --><ul class=\"items-list clearfix\"><\/ul><\/p>\r\n<ul>\r\n<li>Aggiornare le conoscenze di base sul ruolo dei nutrienti, dei micronutrienti e dei composti bioattivi nell&#8217;equilibrio cellulare e nella prevenzione dei disturbi funzionali;<\/li>\r\n<li>Acquisire la pratica clinica e la conoscenza delle pratiche biologiche per la gestione dei disturbi funzionali legati alla nutrizione, utilizzando la Fisionutrizione;<\/li>\r\n<li>Acquisire le competenze per la consulenza in nutrizione e micronutrizione e l&#8217;uso di integratori alimentari, dalla prevenzione al supporto nelle patologie con una componente legata alla nutrizione.<\/li>\r\n<\/ul>\r\n<p><\/ul><\/p>\r\n<p><!-- \/wp:shortcode -->\r\n\r\n<!-- wp:shortcode --><h3 class=\"box-header\">Programma pedagogico<\/h3><\/p>\r\n<p><!-- \/wp:shortcode -->\r\n\r\n<!-- wp:paragraph --><strong><strong>Insegnamento in e-learning (70h)<\/strong><\/strong><\/p>\r\n<p><!-- \/wp:paragraph -->\u00a0<\/p>\r\n<!-- wp:list -->\r\n<ul>\r\n<li><strong><strong>Fisionutrizione ed equilibri cellulari<\/strong>:<\/strong><\/li>\r\n<\/ul>\r\n<p><!-- \/wp:list -->\r\n\r\n<!-- wp:paragraph -->Energetici, immunitari, intestinali, ossidativo-inflammatori, ormonali e neuromediatori<\/p>\r\n<p><!-- \/wp:paragraph -->\u00a0<\/p>\r\n<!-- wp:list -->\r\n<ul>\r\n<li><strong><strong>Approccio fisiopatologico e trattamento con la fisionutrizione<\/strong><\/strong><\/li>\r\n<\/ul>\r\n<p><!-- \/wp:list -->\r\n\r\n<!-- wp:shortcode -->[vc_column_text]<strong>Module 1<\/strong> : Fisionutrizione e micronutrienti <strong>Module 2<\/strong> : Fisionutrizione, malattie infiammatorie e immunit\u00e0 <strong>Module 3<\/strong> : Fisionutrizione e procreazione: dal preconcepimento al post-partum <strong>Module 4<\/strong> : Fisionutrizione e patologie digestive <strong>Module 5<\/strong> : Fisionutrizione e controllo del peso <strong>Module 6<\/strong> : Fisionutrizione: dalla sindrome metabolica al diabete di tipo 2 <strong>Module 7<\/strong> : Fisionutrizione e squilibri ormonali <strong>Module 8<\/strong> : Fisionutrizione e rischio di malattie cardiovascolari <strong>Module 9<\/strong> : Fisionutrizione e Sistema Nervoso Centrale: gestione di stress e ansia <strong>Module 10<\/strong> : Fisionutrizione ed et\u00e0 : dall\u2019\u00abanti-aging\u00bb all\u2019invecchiamento <strong>Module 11<\/strong> : Fisionutrizione e tumori: dalla prevenzione all\u2019accompagnamento <strong>Module 12<\/strong> : Biologia funzionale [\/vc_column_text]<h3 class=\"box-header page_margin_top_section\">A chi \u00e8 rivolto<\/h3><ul class=\"items-list clearfix\"><\/p>\r\n<ul>\r\n<li>Dottori in Farmacia, Dottori in Medicina, Ostetriche, Dottori in Chirurgia Odontoiatrica<\/li>\r\n<\/ul>\r\n<p><\/ul><h3 class=\"box-header page_margin_top_section\">Calendario &amp; organizzazione del corso:<\/h3><ul class=\"items-list clearfix\"><\/p>\r\n<ul>\r\n<li><u>Durata<\/u> : 70h<\/li>\r\n<li><u>Calendario<\/u>: da Settembre 2023 a Giugno 2024<\/li>\r\n<li><u>Organizzazione del corso<\/u>: 60h di corso in e-learning, pi\u00f9 10h di autovalutazione<\/li>\r\n<\/ul>\r\n<p><\/ul><h3 class=\"box-header page_margin_top_section\">Responsabile della formazione:<\/h3><ul class=\"items-list clearfix\"><\/p>\r\n<ul>\r\n<li>\u00a0Isabelle HININGER-FAVIER, <em>Maitre de Conf\u00e9rences en Biochimie et Nutrition<\/em><\/li>\r\n<\/ul>\r\n<p><h3 class=\"box-header page_margin_top_section\">\u00c9quipe pedagocica<\/h3><ul class=\"items-list clearfix\"><\/ul><\/p>\r\n<ul>\r\n<li>Pr Anne-Marie ROUSSEL, PU Em\u00e9rite, <em>Universit\u00e9 Grenoble Alpes (UGA)<\/em><\/li>\r\n<li>Pr Michel SEVE, <em>Doyen de Pharmacie, Universit\u00e9 Grenoble Alpes (UGA)<\/em><\/li>\r\n<li>Dr Jacques BASSIER, <em>Universit\u00e9 Marseille \/ Aix en Provence<\/em><\/li>\r\n<li>Dr Christine GUERRY, <em>M\u00e9decin g\u00e9n\u00e9rale, DU physionutrition (Grenoble) et DU micronutrition (Nancy)<\/em><\/li>\r\n<li>Edwige NICOLLE, <em>Ma\u00eetre de conf\u00e9rences, UFR Pharmacie <\/em><\/li>\r\n<li>Altri relatori: Insegnanti-Ricercatori Universitari (UGA, Besan\u00e7on), Medici Oespedalieri- Universitari e Direttori di Ricerca<\/li>\r\n<\/ul>\r\n<p><\/ul>[vc_empty_space][vc_btn title=&#8221;Per maggiori informazioni, scaricare il PDF informativo&#8221; color=&#8221;sky&#8221; align=&#8221;center&#8221; link=&#8221;url:https%3A%2F%2Fiepp-eu.com%2Fwp-content%2Fuploads%2F2013%2F04%2FFlyer_DU_PCB-2023-2024VF.pdf||target:%20_blank|&#8221;][\/vc_column][\/vc_row]<\/p><\/section>","protected":false},"excerpt":{"rendered":"<p>[vc_row][vc_column][vc_empty_space][vc_column_text] Diploma Universitario di Fisionutrizione Clinica &amp; Biologica [\/vc_column_text][vc_column_text] Di fronte alla crescente domanda pubblica nel campo della prevenzione e di un approccio pi\u00f9 naturale nella gestione delle patologie, l&#8217;acquisizione di competenze in materia di nutrizione, micronutrizione e composti bioattivi \u00e8 essenziale per la pratica medica e la consulenza farmaceutica. Per rispondere a questa sfida,<\/p>\n","protected":false},"author":394,"featured_media":0,"parent":0,"menu_order":0,"comment_status":"closed","ping_status":"closed","template":"template-default-without-breadcrumbs.php","meta":{"footnotes":""},"_links":{"self":[{"href":"https:\/\/iepp-eu.com\/it\/wp-json\/wp\/v2\/pages\/5919"}],"collection":[{"href":"https:\/\/iepp-eu.com\/it\/wp-json\/wp\/v2\/pages"}],"about":[{"href":"https:\/\/iepp-eu.com\/it\/wp-json\/wp\/v2\/types\/page"}],"author":[{"embeddable":true,"href":"https:\/\/iepp-eu.com\/it\/wp-json\/wp\/v2\/users\/394"}],"replies":[{"embeddable":true,"href":"https:\/\/iepp-eu.com\/it\/wp-json\/wp\/v2\/comments?post=5919"}],"version-history":[{"count":9,"href":"https:\/\/iepp-eu.com\/it\/wp-json\/wp\/v2\/pages\/5919\/revisions"}],"predecessor-version":[{"id":7573,"href":"https:\/\/iepp-eu.com\/it\/wp-json\/wp\/v2\/pages\/5919\/revisions\/7573"}],"wp:attachment":[{"href":"https:\/\/iepp-eu.com\/it\/wp-json\/wp\/v2\/media?parent=5919"}],"curies":[{"name":"wp","href":"https:\/\/api.w.org\/{rel}","templated":true}]}}