{"id":4709,"date":"2016-12-23T12:19:20","date_gmt":"2016-12-23T11:19:20","guid":{"rendered":"http:\/\/iepp-eu.com\/le-comite-scientifique\/"},"modified":"2023-12-01T13:47:58","modified_gmt":"2023-12-01T12:47:58","slug":"il-comitato-scientifico","status":"publish","type":"page","link":"https:\/\/iepp-eu.com\/it\/il-comitato-scientifico\/","title":{"rendered":"Il comitato scientifico"},"content":{"rendered":"<section class=\"wpb-content-wrapper\"><p>[vc_row][vc_column][vc_empty_space][vc_row][vc_column]<h3 class=\"box-header page_margin_top_section\">Presidente comitato scientifico IEPP<\/h3>[vc_column_text css=&#8221;.vc_custom_1490630723792{margin-top: 30px !important;}&#8221;]<strong>Pr. Anne-Marie ROUSSEL<\/strong><\/p>\n<p>Discipline : Professeur Emerite de Biochimie, PharmD, PhD, Universit\u00e9 Grenoble Alpes[\/vc_column_text][\/vc_column][\/vc_row][vc_row][vc_column]<h3 class=\"box-header page_margin_top_section\">Relatori <\/h3>[vc_column_text css=&#8221;.vc_custom_1489050024722{margin-top: 30px !important;}&#8221;]<strong>Pr. Ir\u00e8ne MARGARITIS<\/strong><\/p>\n<p>Directrice de l&#8217;UFR STAP &#8211; Professeur des Universit\u00e9s &#8211; Entra\u00eenement, biologie, nutrition, Universit\u00e9 de Nice, Sophia-Antipolis.[\/vc_column_text][vc_column_text css=&#8221;.vc_custom_1490630800598{margin-top: 30px !important;}&#8221;]<strong>Isabelle HININGER-FAVIER<\/strong><\/p>\n<p>Maitre de conf\u00e9rence en Conf\u00e9rence en Biochimie M\u00e9tabolique et Nutrition &#8211; Facult\u00e9 de Pharmacie de Grenoble[\/vc_column_text][vc_column_text css=&#8221;.vc_custom_1489050082553{margin-top: 30px !important;}&#8221;]<strong>Dr. Max FAVIER<\/strong><\/p>\n<p>Chef de service de Gyn\u00e9cologie obst\u00e9rique<br \/>\nHopital Sud de Grenoble<br \/>\n[\/vc_column_text][vc_column_text css=&#8221;.vc_custom_1489050110827{margin-top: 30px !important;}&#8221;]<strong>Pr. Philippe MARTEAU<\/strong><\/p>\n<p>Gastro-ent\u00e9rologue, Service d&#8217;H\u00e9pato gastro-ent\u00e9rologie, H\u00f4pital Europ\u00e9en Georges<br \/>\nPompidou<br \/>\nProfesseur \u00e0 l&#8217;universit\u00e9 Necker &#8211; Paris VI<br \/>\n[\/vc_column_text][vc_column_text css=&#8221;.vc_custom_1489050144244{margin-top: 30px !important;}&#8221;]<strong>Pr. Serge HALIMI<\/strong><\/p>\n<p>Chef de Service d&#8217;endocrinologie diab\u00e9tologie nutrition. Pr\u00e9sident DESG France. H\u00f4pital Universitaire de Grenoble[\/vc_column_text][vc_column_text css=&#8221;.vc_custom_1489050170310{margin-top: 30px !important;}&#8221;]<strong>Pr. Richard ANDERSON<\/strong><\/p>\n<p>Leader Scientist. Human Nutrient Requirements and Functions Laboratory.<br \/>\nBeltsville Human Nutrition Research Center. USDA, ARS, Beltsville, MD<br \/>\n[\/vc_column_text][vc_column_text css=&#8221;.vc_custom_1489050196487{margin-top: 30px !important;}&#8221;]<strong>Pr. Daniel LEMONNIER<\/strong><\/p>\n<p>GRPH-N, CHU de Rouen<br \/>\nDirecteur de recherche de l&#8217;INSERM de la facult\u00e9 de m\u00e9decine Xavier BICHAT<br \/>\n[\/vc_column_text][vc_column_text css=&#8221;.vc_custom_1489050224849{margin-top: 30px !important;}&#8221;]<strong>Pr.Jean-Marie BOURRE<\/strong><\/p>\n<p>Membre de l&#8217;Acad\u00e9mie de M\u00e9decine. Directeur de recherches INSERM, Unit\u00e9 26[\/vc_column_text][vc_column_text css=&#8221;.vc_custom_1489050251548{margin-top: 30px !important;}&#8221;]<strong>Pr. Yves GUIGOZ<\/strong><\/p>\n<p>PhD, Nestl\u00e9 Product Technology Centre Konolfingen, Konolfingen, Suisse[\/vc_column_text][vc_column_text css=&#8221;.vc_custom_1489050304995{margin-top: 30px !important;}&#8221;]<strong>Dr. Jean-Claude CHATARD<\/strong><\/p>\n<p>Service d&#8217;Exploration Fonctionnelle Cardio-Respiratoire et de M\u00e9decine du Sport CHU de Saint-\u00c9tienne[\/vc_column_text][vc_column_text css=&#8221;.vc_custom_1493280803932{margin-top: 30px !important;}&#8221;]<strong>Dr. Jean Michel LECERF<\/strong><\/p>\n<p>Endocrinologue, Nutritionniste Institut Pasteur de Lille et CHR Universitaire de Lille[\/vc_column_text][vc_column_text css=&#8221;.vc_custom_1489050655021{margin-top: 30px !important;}&#8221;]<strong>Pr. Pierre MOREAU<\/strong><\/p>\n<p>Professeur honoraire des Universit\u00e9s[\/vc_column_text][vc_column_text css=&#8221;.vc_custom_1489050680433{margin-top: 30px !important;}&#8221;]<strong>Dr. Annie DASZUTA<\/strong><\/p>\n<p>Assistante dans le service neurobiologie cellulaires et fonctionnelle du CNRS de Marseille. Responsable du centre de recherche sur la plasticit\u00e9 et la r\u00e9gulation de la neuro-g\u00e9n\u00e8se dans le cerveau adulte[\/vc_column_text][vc_column_text css=&#8221;.vc_custom_1489050711195{margin-top: 30px !important;}&#8221;]<strong>Jo\u00ebl PINCEMAIL<\/strong><\/p>\n<p>Ma\u00eetre de conf\u00e9rence Sp\u00e9cialiste en biochimie et chercheur universitaire \u00e0 Li\u00e8ge[\/vc_column_text][vc_column_text css=&#8221;.vc_custom_1489050735775{margin-top: 30px !important;}&#8221;]<strong>Dr. Paul PILLARDEAU<\/strong><\/p>\n<p>Directeur du d\u00e9partement de m\u00e9decine du sport. Vice doyen de la facult\u00e9 de m\u00e9decine de Bobigny[\/vc_column_text][vc_column_text css=&#8221;.vc_custom_1489050758870{margin-top: 30px !important;}&#8221;]<strong>Dr. Sylvain CHASTANET<\/strong><\/p>\n<p>Chirurgien G\u00e9n\u00e9ral, Nice[\/vc_column_text][vc_column_text css=&#8221;.vc_custom_1489050782561{margin-top: 30px !important;}&#8221;]<strong>Dr. Augustin SGALBERT<\/strong><\/p>\n<p>Directeur de Recherche \u00e0 l&#8217;INRA Clermont-Ferrand, Laboratoire des Maladies M\u00e9taboliques et Micronutriments. Sp\u00e9cialiste en nutrition[\/vc_column_text][vc_column_text css=&#8221;.vc_custom_1489050811641{margin-top: 30px !important;}&#8221;]<strong>Dr. Claudine BERR<\/strong><\/p>\n<p>Directeur de recherche INSERM, INSERM E361, Pathologies du syst\u00e8me nerveux:<br \/>\nrecherche \u00e9pid\u00e9miologique et clinique. H\u00f4pital La Colombi\u00e8re, Montpellier[\/vc_column_text][vc_column_text css=&#8221;.vc_custom_1489051256719{margin-top: 30px !important;}&#8221;]<strong>Sylvie LAUQUE<\/strong><\/p>\n<p>Service de m\u00e9decine interne et g\u00e9rontologie clinique \u00e0 l&#8217;H\u00f4pital Purpan, Toulouse[\/vc_column_text][vc_column_text css=&#8221;.vc_custom_1489051281767{margin-top: 30px !important;}&#8221;]<strong>Pr. Etienne BAULIEU<\/strong><\/p>\n<p>Former President, French Academy of Sciences<br \/>\nColl\u00e8ge de Franc, Professor<br \/>\nINSERM Unit 488<br \/>\n[\/vc_column_text][vc_column_text css=&#8221;.vc_custom_1489051306483{margin-top: 30px !important;}&#8221;]<strong>Pr. Jos\u00e9phine ARENDT<\/strong><\/p>\n<p>Centre de Chronobiologie de l&#8217;universit\u00e9 de Surrey<br \/>\nProfesseur \u00e9m\u00e9rite d&#8217;endocrinologie Grande Bretagne<br \/>\n[\/vc_column_text][vc_column_text css=&#8221;.vc_custom_1489052629214{margin-top: 30px !important;}&#8221;]<strong>Pr. Philippe BLANCHEMAISON<\/strong><\/p>\n<p>Angiologue-M\u00e9decin attach\u00e9 des H\u00f4pitaux de Paris Membre du conseil d&#8217;administration de la Soci\u00e9t\u00e9 Fran\u00e7aise de Phl\u00e9bologie[\/vc_column_text][vc_column_text css=&#8221;.vc_custom_1489052710935{margin-top: 30px !important;}&#8221;]<strong>Pr. Philippe LEGRAND<\/strong><\/p>\n<p>Professeur \u00e0 l&#8217;Ensar<br \/>\nDirecteur du laboratoire de biochimie de Rennes<br \/>\nPr\u00e9sident de la commission lipides de l&#8217;Afssa<br \/>\n[\/vc_column_text][vc_column_text css=&#8221;.vc_custom_1489052753791{margin-top: 30px !important;}&#8221;]<strong>Dr. V\u00e9ronique COXAM<\/strong><\/p>\n<p>Directrice de recherche \u00e0 l\u2019unit\u00e9 \u00ab Maladies m\u00e9taboliques et micronutriments \u00bb<br \/>\nINRA Clermont Ferrand \/ Theix[\/vc_column_text][vc_empty_space height=&#8221;52px&#8221;][\/vc_column][\/vc_row]<\/p>\n<\/section>","protected":false},"excerpt":{"rendered":"<p>[vc_row][vc_column][vc_empty_space][vc_row][vc_column][vc_column_text css=&#8221;.vc_custom_1490630723792{margin-top: 30px !important;}&#8221;]Pr. Anne-Marie ROUSSEL Discipline : Professeur Emerite de Biochimie, PharmD, PhD, Universit\u00e9 Grenoble Alpes[\/vc_column_text][\/vc_column][\/vc_row][vc_row][vc_column][vc_column_text css=&#8221;.vc_custom_1489050024722{margin-top: 30px !important;}&#8221;]Pr. Ir\u00e8ne MARGARITIS Directrice de l&#8217;UFR STAP &#8211; Professeur des Universit\u00e9s &#8211; Entra\u00eenement, biologie, nutrition, Universit\u00e9 de Nice, Sophia-Antipolis.[\/vc_column_text][vc_column_text css=&#8221;.vc_custom_1490630800598{margin-top: 30px !important;}&#8221;]Isabelle HININGER-FAVIER Maitre de conf\u00e9rence en Conf\u00e9rence en Biochimie M\u00e9tabolique et Nutrition &#8211; Facult\u00e9 de<\/p>\n","protected":false},"author":6348,"featured_media":0,"parent":0,"menu_order":0,"comment_status":"closed","ping_status":"closed","template":"template-default-without-breadcrumbs.php","meta":{"footnotes":""},"_links":{"self":[{"href":"https:\/\/iepp-eu.com\/it\/wp-json\/wp\/v2\/pages\/4709"}],"collection":[{"href":"https:\/\/iepp-eu.com\/it\/wp-json\/wp\/v2\/pages"}],"about":[{"href":"https:\/\/iepp-eu.com\/it\/wp-json\/wp\/v2\/types\/page"}],"author":[{"embeddable":true,"href":"https:\/\/iepp-eu.com\/it\/wp-json\/wp\/v2\/users\/6348"}],"replies":[{"embeddable":true,"href":"https:\/\/iepp-eu.com\/it\/wp-json\/wp\/v2\/comments?post=4709"}],"version-history":[{"count":1,"href":"https:\/\/iepp-eu.com\/it\/wp-json\/wp\/v2\/pages\/4709\/revisions"}],"predecessor-version":[{"id":6318,"href":"https:\/\/iepp-eu.com\/it\/wp-json\/wp\/v2\/pages\/4709\/revisions\/6318"}],"wp:attachment":[{"href":"https:\/\/iepp-eu.com\/it\/wp-json\/wp\/v2\/media?parent=4709"}],"curies":[{"name":"wp","href":"https:\/\/api.w.org\/{rel}","templated":true}]}}